{"id":25054,"date":"2025-09-09T15:16:15","date_gmt":"2025-09-09T13:16:15","guid":{"rendered":"http:\/\/www.afnebeta.org.mialias.net\/condiciones-generales-de-contratacion\/"},"modified":"2026-04-13T08:31:20","modified_gmt":"2026-04-13T06:31:20","slug":"condiciones-generales-de-contratacion","status":"publish","type":"page","link":"https:\/\/www.afne.org\/es\/condiciones-generales-de-contratacion\/","title":{"rendered":"Condiciones generales de contrataci\u00f3n"},"content":{"rendered":"\t\t<div data-elementor-type=\"wp-page\" data-elementor-id=\"25054\" class=\"elementor elementor-25054 elementor-16221\" data-elementor-post-type=\"page\">\n\t\t\t\t<div class=\"elementor-element elementor-element-e4f7c7b e-flex e-con-boxed e-con e-parent\" data-id=\"e4f7c7b\" data-element_type=\"container\">\n\t\t\t\t\t<div class=\"e-con-inner\">\n\t\t\t\t<div class=\"elementor-element elementor-element-6c7785e elementor-widget__width-initial elementor-widget elementor-widget-heading\" data-id=\"6c7785e\" data-element_type=\"widget\" data-widget_type=\"heading.default\">\n\t\t\t\t<div class=\"elementor-widget-container\">\n\t\t\t\t\t<h1 class=\"elementor-heading-title elementor-size-default\">Condiciones generales de contrataci\u00f3n<\/h1>\t\t\t\t<\/div>\n\t\t\t\t<\/div>\n\t\t\t\t<div class=\"elementor-element elementor-element-363c4b7 elementor-widget-divider--separator-type-pattern elementor-widget-divider--no-spacing elementor-widget-divider--view-line elementor-widget elementor-widget-divider\" data-id=\"363c4b7\" data-element_type=\"widget\" data-widget_type=\"divider.default\">\n\t\t\t\t<div class=\"elementor-widget-container\">\n\t\t\t\t\t\t\t<div class=\"elementor-divider\" style=\"--divider-pattern-url: url(&quot;data:image\/svg+xml,%3Csvg xmlns=&#039;http:\/\/www.w3.org\/2000\/svg&#039; preserveAspectRatio=&#039;xMidYMid meet&#039; overflow=&#039;visible&#039; height=&#039;100%&#039; viewBox=&#039;0 0 126 26&#039; fill=&#039;black&#039; stroke=&#039;none&#039;%3E%3Cpath d=&#039;M3,10.2c2.6,0,2.6,2,2.6,3.2S4.4,16.5,3,16.5s-3-1.4-3-3.2S0.4,10.2,3,10.2z M18.8,10.2c1.7,0,3.2,1.4,3.2,3.2s-1.4,3.2-3.2,3.2c-1.7,0-3.2-1.4-3.2-3.2S17,10.2,18.8,10.2z M34.6,10.2c1.5,0,2.6,1.4,2.6,3.2s-0.5,3.2-1.9,3.2c-1.5,0-3.4-1.4-3.4-3.2S33.1,10.2,34.6,10.2z M50.5,10.2c1.7,0,3.2,1.4,3.2,3.2s-1.4,3.2-3.2,3.2c-1.7,0-3.3-0.9-3.3-2.6S48.7,10.2,50.5,10.2z M66.2,10.2c1.5,0,3.4,1.4,3.4,3.2s-1.9,3.2-3.4,3.2c-1.5,0-2.6-0.4-2.6-2.1S64.8,10.2,66.2,10.2z M82.2,10.2c1.7,0.8,2.6,1.4,2.6,3.2s-0.1,3.2-1.6,3.2c-1.5,0-3.7-1.4-3.7-3.2S80.5,9.4,82.2,10.2zM98.6,10.2c1.5,0,2.6,0.4,2.6,2.1s-1.2,4.2-2.6,4.2c-1.5,0-3.7-0.4-3.7-2.1S97.1,10.2,98.6,10.2z M113.4,10.2c1.2,0,2.2,0.9,2.2,3.2s-0.1,3.2-1.3,3.2s-3.1-1.4-3.1-3.2S112.2,10.2,113.4,10.2z&#039;\/%3E%3C\/svg%3E&quot;);\">\n\t\t\t<span class=\"elementor-divider-separator\">\n\t\t\t\t\t\t<\/span>\n\t\t<\/div>\n\t\t\t\t\t\t<\/div>\n\t\t\t\t<\/div>\n\t\t\t\t\t<\/div>\n\t\t\t\t<\/div>\n\t\t<div class=\"elementor-element elementor-element-57fc5a1 e-flex e-con-boxed e-con e-parent\" data-id=\"57fc5a1\" data-element_type=\"container\" data-settings=\"{&quot;background_background&quot;:&quot;gradient&quot;}\">\n\t\t\t\t\t<div class=\"e-con-inner\">\n\t\t<div class=\"elementor-element elementor-element-eafe4fa e-con-full e-flex e-con e-child\" data-id=\"eafe4fa\" data-element_type=\"container\">\n\t\t\t\t<div class=\"elementor-element elementor-element-9967364 elementor-toc--minimized-on-tablet elementor-widget elementor-widget-table-of-contents\" data-id=\"9967364\" data-element_type=\"widget\" data-settings=\"{&quot;headings_by_tags&quot;:[&quot;h2&quot;,&quot;h3&quot;],&quot;exclude_headings_by_selector&quot;:[],&quot;no_headings_message&quot;:&quot;No s&#039;ha trobat cap encap\\u00e7alament en aquesta p\\u00e0gina.&quot;,&quot;sticky&quot;:&quot;top&quot;,&quot;sticky_offset&quot;:120,&quot;sticky_parent&quot;:&quot;yes&quot;,&quot;marker_view&quot;:&quot;numbers&quot;,&quot;minimize_box&quot;:&quot;yes&quot;,&quot;minimized_on&quot;:&quot;tablet&quot;,&quot;hierarchical_view&quot;:&quot;yes&quot;,&quot;min_height&quot;:{&quot;unit&quot;:&quot;px&quot;,&quot;size&quot;:&quot;&quot;,&quot;sizes&quot;:[]},&quot;min_height_tablet&quot;:{&quot;unit&quot;:&quot;px&quot;,&quot;size&quot;:&quot;&quot;,&quot;sizes&quot;:[]},&quot;min_height_mobile&quot;:{&quot;unit&quot;:&quot;px&quot;,&quot;size&quot;:&quot;&quot;,&quot;sizes&quot;:[]},&quot;sticky_on&quot;:[&quot;desktop&quot;,&quot;tablet&quot;,&quot;mobile&quot;],&quot;sticky_effects_offset&quot;:0,&quot;sticky_anchor_link_offset&quot;:0}\" data-widget_type=\"table-of-contents.default\">\n\t\t\t\t<div class=\"elementor-widget-container\">\n\t\t\t\t\t\t\t\t\t<div class=\"elementor-toc__header\">\n\t\t\t\t\t\t<h4 class=\"elementor-toc__header-title\">\n\t\t\t\t\u00cdndice de contenidos\t\t\t<\/h4>\n\t\t\t\t\t\t\t\t\t\t<div class=\"elementor-toc__toggle-button elementor-toc__toggle-button--expand\" role=\"button\" tabindex=\"0\" aria-controls=\"elementor-toc__9967364\" aria-expanded=\"true\" aria-label=\"Abrir la tabla de contenidos\"><i aria-hidden=\"true\" class=\"fas fa-chevron-down\"><\/i><\/div>\n\t\t\t\t<div class=\"elementor-toc__toggle-button elementor-toc__toggle-button--collapse\" role=\"button\" tabindex=\"0\" aria-controls=\"elementor-toc__9967364\" aria-expanded=\"true\" aria-label=\"Cerrar la tabla de contenidos\"><i aria-hidden=\"true\" class=\"fas fa-chevron-up\"><\/i><\/div>\n\t\t\t\t\t<\/div>\n\t\t\t\t<div id=\"elementor-toc__9967364\" class=\"elementor-toc__body\">\n\t\t\t<div class=\"elementor-toc__spinner-container\">\n\t\t\t\t<i class=\"elementor-toc__spinner eicon-animation-spin eicon-loading\" aria-hidden=\"true\"><\/i>\t\t\t<\/div>\n\t\t<\/div>\n\t\t\t\t\t\t<\/div>\n\t\t\t\t<\/div>\n\t\t\t\t<\/div>\n\t\t<div class=\"elementor-element elementor-element-abe7e1b e-con-full e-flex e-con e-child\" data-id=\"abe7e1b\" data-element_type=\"container\">\n\t\t\t\t<div class=\"elementor-element elementor-element-4cb90af legal elementor-widget elementor-widget-text-editor\" data-id=\"4cb90af\" data-element_type=\"widget\" data-widget_type=\"text-editor.default\">\n\t\t\t\t<div class=\"elementor-widget-container\">\n\t\t\t\t\t\t\t\t\t<h2><strong>Donaciones<\/strong><\/h2><p><u>Es obligatorio que lea y entienda estas condiciones generales:<\/u><\/p><p>El donante deber\u00e1 seguir el siguiente proceso:<\/p><ol><li>Seleccionar el importe de su contribuci\u00f3n.<\/li><li>Elegir el sistema de pago.<\/li><li>Lectura previa de las presentes condiciones y su expresa aceptaci\u00f3n a trav\u00e9s de la casilla habilitada.<\/li><li>Pago: Remisi\u00f3n a pasarela de pago segura de terceros.<\/li><\/ol><p>Si lo solicita, el donante recibir\u00e1 un certificado de su aportaci\u00f3n, para su justificaci\u00f3n a efectos fiscales.<\/p><h2><strong>FORMA DE PAGO<\/strong><\/h2><p>El pago se realizar\u00e1 a trav\u00e9s de la pasarela TPV Redsys facilitada por Caixabank, si desea m\u00e1s informaci\u00f3n sobre su funcionamiento puede visitar su web: <a href=\"http:\/\/www.redsys.es\/\" target=\"_blank\" rel=\"noopener\">http:\/\/www.redsys.es<\/a>.<\/p><h2><strong>R\u00c9GIMEN FISCAL<\/strong><\/h2><p>Los donativos, donaciones y aportaciones realizados por personas f\u00edsicas o jur\u00eddicas a favor de AFNE dan derecho a una deducci\u00f3n en la cuota \u00edntegra de la declaraci\u00f3n del Impuesto sobre la Renta de las Personas F\u00edsicas o en el Impuesto sobre Sociedades.<\/p><p>AFNE enviar\u00e1 a la direcci\u00f3n de correo electr\u00f3nico que facilite el donante el correspondiente certificado de su aportaci\u00f3n, si lo solicitara.<\/p><p>Conforme a la legislaci\u00f3n vigente en materia de blanqueo de capitales, las donaciones de cantidades a partir de 100 euros implican la obligaci\u00f3n de que el donante nos remita copia de su DNI.<\/p><h2><strong>RESPONSABILIDADES<\/strong><\/h2><p>AFNE no se responsabiliza de posibles retrasos o fallos que se produjeran en acceso, funcionamiento y operatividad de la web, as\u00ed como tampoco de las interrupciones, suspensiones o el mal funcionamiento de \u00e9sta por causas ajenas a AFNE, aver\u00edas producidas por cat\u00e1strofes naturales, ataques inform\u00e1ticos o cualquier otra situaci\u00f3n de fuerza mayor o causa fortuita, as\u00ed como por errores en las redes telem\u00e1ticas de transferencia de datos.<\/p><h2><strong>LEGISLACI\u00d3N APLICABLE<\/strong><\/h2><p>Para los conflictos de interpretaci\u00f3n y ejecuci\u00f3n derivados del servicio y estas condiciones, ser\u00e1 de aplicaci\u00f3n la legislaci\u00f3n espa\u00f1ola vigente. Las partes se someten, a su elecci\u00f3n, para la resoluci\u00f3n de los conflictos y con renuncia a cualquier otro fuero, en los juzgados y tribunales de Barcelona. <\/p>\t\t\t\t\t\t\t\t<\/div>\n\t\t\t\t<\/div>\n\t\t\t\t<\/div>\n\t\t\t\t\t<\/div>\n\t\t\t\t<\/div>\n\t\t\t\t<\/div>\n\t\t","protected":false},"excerpt":{"rendered":"<p>\u00cdndice de contenidos Donaciones Es obligatorio que lea y entienda estas condiciones generales: El donante deber\u00e1 seguir el siguiente proceso: Seleccionar el importe de su contribuci\u00f3n. Elegir el sistema de pago. Lectura previa de las presentes condiciones y su expresa aceptaci\u00f3n a trav\u00e9s de la casilla habilitada. Pago: Remisi\u00f3n a pasarela de pago segura de [&hellip;]<\/p>\n","protected":false},"author":2,"featured_media":0,"parent":0,"menu_order":0,"comment_status":"closed","ping_status":"closed","template":"","meta":{"_acf_changed":false,"footnotes":""},"class_list":["post-25054","page","type-page","status-publish","hentry"],"acf":[],"yoast_head":"<!-- This site is optimized with the Yoast SEO plugin v26.4 - https:\/\/yoast.com\/wordpress\/plugins\/seo\/ -->\n<title>Condiciones generales de contrataci\u00f3n - AFNE<\/title>\n<meta name=\"robots\" content=\"index, follow, max-snippet:-1, max-image-preview:large, max-video-preview:-1\" \/>\n<link rel=\"canonical\" href=\"https:\/\/www.afne.org\/es\/condiciones-generales-de-contratacion\/\" \/>\n<meta property=\"og:locale\" content=\"es_ES\" \/>\n<meta property=\"og:type\" content=\"article\" \/>\n<meta property=\"og:title\" content=\"Condiciones generales de contrataci\u00f3n - AFNE\" \/>\n<meta property=\"og:description\" content=\"\u00cdndice de contenidos Donaciones Es obligatorio que lea y entienda estas condiciones generales: El donante deber\u00e1 seguir el siguiente proceso: Seleccionar el importe de su contribuci\u00f3n. Elegir el sistema de pago. Lectura previa de las presentes condiciones y su expresa aceptaci\u00f3n a trav\u00e9s de la casilla habilitada. Pago: Remisi\u00f3n a pasarela de pago segura de [&hellip;]\" \/>\n<meta property=\"og:url\" content=\"https:\/\/www.afne.org\/es\/condiciones-generales-de-contratacion\/\" \/>\n<meta property=\"og:site_name\" content=\"AFNE\" \/>\n<meta property=\"article:publisher\" content=\"https:\/\/www.facebook.com\/afne.org\" \/>\n<meta property=\"article:modified_time\" content=\"2026-04-13T06:31:20+00:00\" \/>\n<meta name=\"twitter:card\" content=\"summary_large_image\" \/>\n<meta name=\"twitter:label1\" content=\"Tiempo de lectura\" \/>\n\t<meta name=\"twitter:data1\" content=\"2 minutos\" \/>\n<script type=\"application\/ld+json\" class=\"yoast-schema-graph\">{\"@context\":\"https:\/\/schema.org\",\"@graph\":[{\"@type\":\"WebPage\",\"@id\":\"https:\/\/www.afne.org\/es\/condiciones-generales-de-contratacion\/\",\"url\":\"https:\/\/www.afne.org\/es\/condiciones-generales-de-contratacion\/\",\"name\":\"Condiciones generales de contrataci\u00f3n - AFNE\",\"isPartOf\":{\"@id\":\"https:\/\/www.afne.org\/es\/#website\"},\"datePublished\":\"2025-09-09T13:16:15+00:00\",\"dateModified\":\"2026-04-13T06:31:20+00:00\",\"breadcrumb\":{\"@id\":\"https:\/\/www.afne.org\/es\/condiciones-generales-de-contratacion\/#breadcrumb\"},\"inLanguage\":\"es\",\"potentialAction\":[{\"@type\":\"ReadAction\",\"target\":[\"https:\/\/www.afne.org\/es\/condiciones-generales-de-contratacion\/\"]}]},{\"@type\":\"BreadcrumbList\",\"@id\":\"https:\/\/www.afne.org\/es\/condiciones-generales-de-contratacion\/#breadcrumb\",\"itemListElement\":[{\"@type\":\"ListItem\",\"position\":1,\"name\":\"Inici\",\"item\":\"https:\/\/www.afne.org\/es\/\"},{\"@type\":\"ListItem\",\"position\":2,\"name\":\"Condiciones generales de contrataci\u00f3n\"}]},{\"@type\":\"WebSite\",\"@id\":\"https:\/\/www.afne.org\/es\/#website\",\"url\":\"https:\/\/www.afne.org\/es\/\",\"name\":\"AFNE\",\"description\":\"Units a Eti\u00f2pia\",\"publisher\":{\"@id\":\"https:\/\/www.afne.org\/es\/#organization\"},\"potentialAction\":[{\"@type\":\"SearchAction\",\"target\":{\"@type\":\"EntryPoint\",\"urlTemplate\":\"https:\/\/www.afne.org\/es\/?s={search_term_string}\"},\"query-input\":{\"@type\":\"PropertyValueSpecification\",\"valueRequired\":true,\"valueName\":\"search_term_string\"}}],\"inLanguage\":\"es\"},{\"@type\":\"Organization\",\"@id\":\"https:\/\/www.afne.org\/es\/#organization\",\"name\":\"Associaci\u00f3 de Fam\u00edlies de Nens i Nenes d\u2019Eti\u00f2pia\",\"url\":\"https:\/\/www.afne.org\/es\/\",\"logo\":{\"@type\":\"ImageObject\",\"inLanguage\":\"es\",\"@id\":\"https:\/\/www.afne.org\/es\/#\/schema\/logo\/image\/\",\"url\":\"https:\/\/www.afne.org\/wp-content\/uploads\/2025\/07\/logotip-afne.png\",\"contentUrl\":\"https:\/\/www.afne.org\/wp-content\/uploads\/2025\/07\/logotip-afne.png\",\"width\":200,\"height\":48,\"caption\":\"Associaci\u00f3 de Fam\u00edlies de Nens i Nenes d\u2019Eti\u00f2pia\"},\"image\":{\"@id\":\"https:\/\/www.afne.org\/es\/#\/schema\/logo\/image\/\"},\"sameAs\":[\"https:\/\/www.facebook.com\/afne.org\",\"https:\/\/www.instagram.com\/afne_etiopia\/\",\"https:\/\/www.youtube.com\/channel\/UCh-2Vrtq80T4SbmHu0u1Beg\",\"https:\/\/api.whatsapp.com\/message\/M2WZK3UT5QBFH1?autoload=1&app_absent=0\"]}]}<\/script>\n<!-- \/ Yoast SEO plugin. -->","yoast_head_json":{"title":"Condiciones generales de contrataci\u00f3n - AFNE","robots":{"index":"index","follow":"follow","max-snippet":"max-snippet:-1","max-image-preview":"max-image-preview:large","max-video-preview":"max-video-preview:-1"},"canonical":"https:\/\/www.afne.org\/es\/condiciones-generales-de-contratacion\/","og_locale":"es_ES","og_type":"article","og_title":"Condiciones generales de contrataci\u00f3n - AFNE","og_description":"\u00cdndice de contenidos Donaciones Es obligatorio que lea y entienda estas condiciones generales: El donante deber\u00e1 seguir el siguiente proceso: Seleccionar el importe de su contribuci\u00f3n. Elegir el sistema de pago. Lectura previa de las presentes condiciones y su expresa aceptaci\u00f3n a trav\u00e9s de la casilla habilitada. Pago: Remisi\u00f3n a pasarela de pago segura de [&hellip;]","og_url":"https:\/\/www.afne.org\/es\/condiciones-generales-de-contratacion\/","og_site_name":"AFNE","article_publisher":"https:\/\/www.facebook.com\/afne.org","article_modified_time":"2026-04-13T06:31:20+00:00","twitter_card":"summary_large_image","twitter_misc":{"Tiempo de lectura":"2 minutos"},"schema":{"@context":"https:\/\/schema.org","@graph":[{"@type":"WebPage","@id":"https:\/\/www.afne.org\/es\/condiciones-generales-de-contratacion\/","url":"https:\/\/www.afne.org\/es\/condiciones-generales-de-contratacion\/","name":"Condiciones generales de contrataci\u00f3n - AFNE","isPartOf":{"@id":"https:\/\/www.afne.org\/es\/#website"},"datePublished":"2025-09-09T13:16:15+00:00","dateModified":"2026-04-13T06:31:20+00:00","breadcrumb":{"@id":"https:\/\/www.afne.org\/es\/condiciones-generales-de-contratacion\/#breadcrumb"},"inLanguage":"es","potentialAction":[{"@type":"ReadAction","target":["https:\/\/www.afne.org\/es\/condiciones-generales-de-contratacion\/"]}]},{"@type":"BreadcrumbList","@id":"https:\/\/www.afne.org\/es\/condiciones-generales-de-contratacion\/#breadcrumb","itemListElement":[{"@type":"ListItem","position":1,"name":"Inici","item":"https:\/\/www.afne.org\/es\/"},{"@type":"ListItem","position":2,"name":"Condiciones generales de contrataci\u00f3n"}]},{"@type":"WebSite","@id":"https:\/\/www.afne.org\/es\/#website","url":"https:\/\/www.afne.org\/es\/","name":"AFNE","description":"Units a Eti\u00f2pia","publisher":{"@id":"https:\/\/www.afne.org\/es\/#organization"},"potentialAction":[{"@type":"SearchAction","target":{"@type":"EntryPoint","urlTemplate":"https:\/\/www.afne.org\/es\/?s={search_term_string}"},"query-input":{"@type":"PropertyValueSpecification","valueRequired":true,"valueName":"search_term_string"}}],"inLanguage":"es"},{"@type":"Organization","@id":"https:\/\/www.afne.org\/es\/#organization","name":"Associaci\u00f3 de Fam\u00edlies de Nens i Nenes d\u2019Eti\u00f2pia","url":"https:\/\/www.afne.org\/es\/","logo":{"@type":"ImageObject","inLanguage":"es","@id":"https:\/\/www.afne.org\/es\/#\/schema\/logo\/image\/","url":"https:\/\/www.afne.org\/wp-content\/uploads\/2025\/07\/logotip-afne.png","contentUrl":"https:\/\/www.afne.org\/wp-content\/uploads\/2025\/07\/logotip-afne.png","width":200,"height":48,"caption":"Associaci\u00f3 de Fam\u00edlies de Nens i Nenes d\u2019Eti\u00f2pia"},"image":{"@id":"https:\/\/www.afne.org\/es\/#\/schema\/logo\/image\/"},"sameAs":["https:\/\/www.facebook.com\/afne.org","https:\/\/www.instagram.com\/afne_etiopia\/","https:\/\/www.youtube.com\/channel\/UCh-2Vrtq80T4SbmHu0u1Beg","https:\/\/api.whatsapp.com\/message\/M2WZK3UT5QBFH1?autoload=1&app_absent=0"]}]}},"_links":{"self":[{"href":"https:\/\/www.afne.org\/es\/wp-json\/wp\/v2\/pages\/25054","targetHints":{"allow":["GET"]}}],"collection":[{"href":"https:\/\/www.afne.org\/es\/wp-json\/wp\/v2\/pages"}],"about":[{"href":"https:\/\/www.afne.org\/es\/wp-json\/wp\/v2\/types\/page"}],"author":[{"embeddable":true,"href":"https:\/\/www.afne.org\/es\/wp-json\/wp\/v2\/users\/2"}],"replies":[{"embeddable":true,"href":"https:\/\/www.afne.org\/es\/wp-json\/wp\/v2\/comments?post=25054"}],"version-history":[{"count":3,"href":"https:\/\/www.afne.org\/es\/wp-json\/wp\/v2\/pages\/25054\/revisions"}],"predecessor-version":[{"id":25610,"href":"https:\/\/www.afne.org\/es\/wp-json\/wp\/v2\/pages\/25054\/revisions\/25610"}],"wp:attachment":[{"href":"https:\/\/www.afne.org\/es\/wp-json\/wp\/v2\/media?parent=25054"}],"curies":[{"name":"wp","href":"https:\/\/api.w.org\/{rel}","templated":true}]}}